{"id":1735,"date":"2025-09-25T12:19:52","date_gmt":"2025-09-25T12:19:52","guid":{"rendered":"https:\/\/terraza.com\/book-a-room\/"},"modified":"2026-01-20T14:06:29","modified_gmt":"2026-01-20T14:06:29","slug":"book-a-room","status":"publish","type":"page","link":"https:\/\/terraza.com\/en\/book-a-room\/","title":{"rendered":"Book a room"},"content":{"rendered":"\t\t<div data-elementor-type=\"wp-page\" data-elementor-id=\"1735\" class=\"elementor elementor-1735 elementor-553\" data-elementor-post-type=\"page\">\n\t\t\t\t<div class=\"elementor-element elementor-element-f81c6ec e-flex e-con-boxed e-con e-parent\" data-id=\"f81c6ec\" data-element_type=\"container\" data-e-type=\"container\">\n\t\t\t\t\t<div class=\"e-con-inner\">\n\t\t\t\t<div class=\"elementor-element elementor-element-7ec1322 elementor-widget elementor-widget-heading\" data-id=\"7ec1322\" data-element_type=\"widget\" data-e-type=\"widget\" data-widget_type=\"heading.default\">\n\t\t\t\t\t<h2 class=\"elementor-heading-title elementor-size-default\">BOOK A ROOM<\/h2>\t\t\t\t<\/div>\n\t\t\t\t\t<\/div>\n\t\t\t\t<\/div>\n\t\t<div class=\"elementor-element elementor-element-117d5fb e-flex e-con-boxed e-con e-parent\" data-id=\"117d5fb\" data-element_type=\"container\" data-e-type=\"container\">\n\t\t\t\t\t<div class=\"e-con-inner\">\n\t\t\t\t<div class=\"elementor-element elementor-element-e4917f6 elementor-widget elementor-widget-html\" data-id=\"e4917f6\" data-element_type=\"widget\" data-e-type=\"widget\" data-widget_type=\"html.default\">\n\t\t\t\t\t<form method=\"post\" name=\"appForm\" id=\"appForm\" action=\"https:\/\/book.terraza.com\/reserve\/sv\/avail\">\n    <div class=\"besearchmask\"> <!-- all css styles wrapped with .besearchmask selector -->\n        <div class=\"searchmask-wrapper\">\n            <div id=\"appcontrol_ucSearchMask\" class=\"userControl useSpinner container\" appid=\"ucSearchMask\">\n        \n                \n\n\n\n\n                <div class=\"searchmask-container SMJSON-searchmask-container \">\n\n        <div class=\"sm-fields searchmask\">\n\n            <div class=\"row sm-row\">\n                <div class=\"col-12 col-lg-10 sm-col\">\n                    <div class=\"row sm-row\">\n                                                <div class=\"col-12 col-lg-2 sm-col\">\n                            <div class=\"sm-control-label -main\">Location<\/div>\n                            <div class=\"sm-input-wrap\">\n                                <select id=\"SMJSON-classification\" class=\"sm-form-control js-room-classification-filter\" aria-label=\"Location\">\n                                    <option value=\"all\">All<\/option>\n                                                                            <option value=\"AES\">\n Class1\n                                                                                    <\/option>\n                                                                            <option value=\"EAS\">\n Class2\n                                                                                    <\/option> \n                                                                    <\/select>\n                            <\/div>\n                        <\/div>\n                                                                        <div class=\"col-6 col-lg-2 sm-col\">\n                            <div class=\"sm-control-label -main\">Check-in<\/div>\n                            <div class=\"sm-input-wrap bindTriggerArrival\">\n                                <div class=\"dropdown-wrapper\">\n                                    <input id=\"SMJSON-arrivalDate\" class=\"datepicker-arrival-input bindOpenDatepickerArrival sm-form-control\" readonly role=\"combobox\" aria-haspopup=\"grid\" aria-label=\"Arrival\" aria-expanded=\"false\" aria-controls=\"SMJSON-arrivalDate-datepicker\">\n                                <\/div>\n                            <\/div>\n                        <\/div>\n\n                        <div class=\"col-6 col-lg-2 sm-col\">\n                            <div class=\"sm-control-label -main\">Check-out<\/div>\n                            <div class=\"sm-input-wrap bindTriggerDeparture\">\n                                <div class=\"dropdown-wrapper\">\n                                    <input id=\"SMJSON-departureDate\" class=\"datepicker-departure-input bindOpenDatepickerDeparture sm-form-control\" readonly role=\"combobox\" aria-haspopup=\"grid\" aria-label=\"Departure\" aria-expanded=\"false\" aria-controls=\"SMJSON-departureDate-datepicker\">\n                                <\/div>\n                            <\/div>\n                        <\/div>\n\n                        <input id=\"SMJSON-numberOfNights\" class=\"myhidden\" style=\"display:none;\" readonly>\n\n                        <div class=\"col-12 col-lg-4 sm-col\">\n                            <div class=\"sm-control-label -main\" id=\"rooms-guests-label\">Number of rooms and guests<\/div>\n                            <div class=\"bindToggleOccupancy occupancy-summary js-sm-close-focusout\" tabindex=\"0\" role=\"combobox\" aria-haspopup=\"grid\" aria-label=\"Rooms and guests\" aria-labelledby=\"sm-occupancy-total-rooms sm-occupancy-label-rooms sm-occupancy-total-adults sm-occupancy-label-adults sm-occupancy-total-children sm-occupancy-label-child  \" aria-controls=\"occupancy-dropdown\" aria-expanded=\"false\">\n                                <div class=\"occupancy-summary-texts\">\n                                                                            <span class=\"sm-occupancy-total-rooms \" id=\"sm-occupancy-total-rooms\">0<\/span>\n                                        <span class=\"sm-occupancy-label-room \" id=\"sm-occupancy-label-rooms\">room<\/span><span class=\"sm-occupancy-label-rooms \" style=\"display: none;\">rooms<\/span>\n                                        <span class=\"sm-occupancy-total-adults \" id=\"sm-occupancy-total-adults\">0<\/span>\n                                        <span class=\"sm-occupancy-label-adult \" id=\"sm-occupancy-label-adults\">adult<\/span><span class=\"sm-occupancy-label-adults\" style=\"display: none;\">adults<\/span>\n                                                                                <span class=\"sm-occupancy-total-children \" id=\"sm-occupancy-total-children\">0<\/span>\n                                        <span class=\"sm-occupancy-label-child\" id=\"sm-occupancy-label-child\" style=\"display: none;\">child<\/span><span class=\"sm-occupancy-label-children\">children<\/span>\n                                                                                                            <\/div>\n                            <\/div>\n\n                                                        <div class=\"occupancy-dropdown-wrap\">\n                                <div class=\"occupancy-dropdown js-sm-close-focusout\" id=\"occupancy-dropdown\" role=\"group\" aria-labelledby=\"rooms-guests-label\">\n                                <label class=\"sm-control-label\">Rooms<\/label>\n                                <select id=\"SMJSON-numberOfRooms\" class=\"sm-form-control\" aria-label=\"Rooms\">\n                                                                    <\/select>\n                                                                    <div class=\"SMJSON-roomDetails sm-room-details open enabled\" occnro=\"1\">\n                                        <div class=\"occupancy-room-header\">\n                                            <label class=\"occupancy-room-number\">Room <span class=\"room-index\">1<\/span>\n                                            <\/label>\n                                        <\/div>\n\n                                        <div class=\"sm-room-details-content\">\n                                            <div class=\"row\">\n                                                <div class=\"col-6 sm-col smNroOfAdultsContainer\" data-roomnro=\"1\">\n                                                    <span class=\"sm-control-label -occupancy \" for=\"lbNroOfAdults\">\n Adults\n                                                    <\/span>\n                                                    <div class=\"lbNroOfAdultsContainer\" data-roomnro=\"1\">\n                                                        <select class=\"SMJSON-adultsAmount sm-form-control\" style=\"display:none;\" aria-label=\"Adults\"><\/select>\n                                                        <div class=\"plus-minus-selector bindPlusMinusSelector\" data-room=\"1\" data-context=\"adults\" data-min=\"1\">\n                                                            <div class=\"p-m-selector-decrement\" tabindex=\"0\" role=\"button\" aria-label=\"-\">-<\/div>\n                                                            <div class=\"p-m-selector-value\">1<\/div>\n                                                            <div class=\"p-m-selector-increment\" tabindex=\"0\" role=\"button\" aria-label=\"+\">+<\/div>\n                                                        <\/div>\n                                                    <\/div>\n                                                <\/div>\n\n                                                                                                <div class=\"col-6 sm-col smNroOfChildrenContainer hideIfBusiness multiroom\">\n                                                    <span class=\"sm-control-label -occupancy\" for=\"lbNroOfChildren\">\n Children\n                                                    <\/span>\n                                                    <div class=\"lbNroOfChildrenContainer\" data-roomnro=\"1\">\n                                                        <select class=\"sm-form-control SMJSON-childrenAmount\" style=\"display:none;\" aria-label=\"Children\"><\/select>\n                                                        <div class=\"plus-minus-selector bindPlusMinusSelector\" data-room=\"1\" data-context=\"children\" data-min=\"0\">\n                                                            <div class=\"p-m-selector-decrement\" tabindex=\"0\" role=\"button\" aria-label=\"-\">-<\/div>\n                                                            <div class=\"p-m-selector-value\">0<\/div>\n                                                            <div class=\"p-m-selector-increment\" tabindex=\"0\" role=\"button\" aria-label=\"+\">+<\/div>\n                                                        <\/div>\n                                                    <\/div>\n                                                <\/div>\n\n                                                <div class=\"sm-child-ages-container col-12 sm-col\" data-roomnro=\"1\" data-breakpoint=\"970\">\n                                                    <label class=\"sm-control-label -occupancy child-ages-label\" for=\"childAges\">Child ages<\/label>\n                                                    <div class=\"row\"><\/div>\n                                                <\/div>\n                                                \n                                            <\/div>\n                                        <\/div>\n                                    <\/div>\n                                                                <\/div>\n                            <\/div>\n                        <\/div>\n                                                <div class=\"col-12 col-lg-2 sm-col\" id=\"smPromotionsContainer\">\n                            <div class=\"sm-control-label -main\">Booking code<\/div>\n                            <input type=\"text\" class=\"form-control sm-form-control uppercase\" id=\"SMJSON-combinedCode\" aria-label=\"Booking code\" placeholder=\"Insert code...\">\n                        <\/div>\n                                            <\/div>\n\n\n                <\/div>\n\n                <div class=\"col-12 col-lg-2 sm-col\">\n                    <div class=\"sm-book-wrap\">\n                        <div class=\"be-button sm-book-button bindValidateSearchmask\" aria-label=\"Search\" role=\"button\" tabindex=\"0\">\n SEARCH\n                        <\/div>\n                    <\/div>\n                <\/div>\n                                                            <a href=\"#\" class=\"bindOpenGiftCardSearchHomePage sm-gift-card-link\" aria-label=\"I am booking with a gift card\">\n I am booking with a gift card\n                        <\/a>\n                    \n                                                <\/div>\n            <div class=\"row sm-row -bottom\">\n                                <div class=\"js-rate-filters-container col-12 myhidden\"><span class=\"sm-control-label -main\">Rate filters applied:<\/span><\/div>\n                                                        <div class=\"js-room-filters-container col-12\"><\/div>\n            <\/div>\n        <\/div>\n                    <\/div>\n    <div style=\"display:none;\">        <input type=\"hidden\" id=\"SMJSON-isBusinessTraveller\">\n        <input type=\"hidden\" id=\"SMJSON-isClubMember\">\n        <input type=\"text\" name=\"appcontrol_ucSearchMask_txtArrayOfSearchMasksAsJSON\" value=\"\" id=\"heArrayOfSearchMasksAsJSON\" style=\"display:none; position: absolute;\">\n    <\/div>\n\n    \n\n                \n        <script type=\"text\/javascript\">\n            jsConfig.calAvSearchMask= 'eJx1lN9P2zAQx\/+XvE8iLS1gnlinbWhQKgbP09W5NFadODo7hQrxv+\/spnWSkqe09\/H98H3P9yTSiUjK\/C8CyeIR7DYR85n4sOJGJEhkaGEyTG6VuLi14rq1PdpNwn8vROI\/KX9t8H\/Z16ezaSoSIFI70D\/AsXnpjVORZFgDuYYwmmciIWNK633T9pghtVEV6OcjCEFvIngxDvRd1mgX8dUA\/1FZhBwUwvEVko\/alsTJZaF0Rlj1wSVfq0apQPftk9bheyO36FIf\/1t6DiZjYDoGLsfAbAzMx8DVGLiOgPtRkymNU6Y6qHySlNu81kZuB2avqTRUG2Lp7rMOmYtEgYOejcXYkGnqnpFHyJqGZN89FGnKtaowG+RkhxqsfTM0dCixXCPZQoUMQZp517ps\/K8oZiSHOT2qH+0PuEN9AHw+1\/jenuJ7V2Se8qXaFH7cjiEhy5RvX5hxGNTnR9pnGjbRI+7fSsOw7eElhe4MQdBKlUD7Z+T2uy6b+ecnTZV9RVnJwjjUh4C+7gkT0A6pAqd2+DvSrpMsQFXRiVWQDfETkfu+wpzX4bsb1NpYfDAS9AJkcdoIHJWQH371Sm2T\/X1VhpVTufJK9QbN9+in8oVyw4HJx2cLuK\/nwE+Q5kH5knCFBHkg6UCKDpqMo2kXsfCq2nHZhvb3DstOsjCtcgsb7Bs3KncLoCyOTiiW7y3BD1A8zF1i4lYF2OHT+8e20\/XWh6XGZTq\/6XhFWVPZTq\/d2QJMW+NgaU7iArwLdS\/bVWoL8\/arLXxl6qY+ZP38D+D39h4=';\n            var searchMaskJSON  = {\"errorCode\":0,\"errorMsg\":\"\",\"searchType\":0,\"arrivalDate\":null,\"departureDate\":null,\"rooms\":1,\"originalRooms\":0,\"originalTotalAdults\":0,\"originalTotalKids\":0,\"adultsPerRoom\":null,\"childrenPerRoom\":null,\"specialPerRoom\":null,\"childBucket1\":-1,\"childBucket2\":-1,\"childBucket3\":-1,\"childBucket4\":-1,\"childBucket5\":-1,\"childBucket6\":-1,\"childBucket7\":-1,\"childBucket8\":-1,\"promotionCode\":\"\",\"blockCode\":\"\",\"corporateId\":\"\",\"iataId\":\"\",\"groupId\":\"\",\"sourceId\":\"\",\"combinedCode\":\"\",\"password\":\"\",\"membershipId\":null,\"membershipNumber\":null,\"membershipType\":null,\"membershipLevel\":null,\"flex\":null,\"nroOfNights\":null,\"additionalData\":\"\",\"roomTypeCode\":\"\",\"ratePlanCode\":\"\",\"sourceCode\":\"\",\"primaryReport\":\"\",\"secondaryReport\":\"\",\"hotelCode\":null,\"alternativeHotelCode\":\"\",\"chainCode\":null,\"currency\":\"\",\"context\":\"\",\"useLocalCache\":0,\"returnUrl\":null,\"identifier\":\"\",\"rateFilters\":[],\"roomFilters\":[],\"classFilters\":[],\"extrafilter1\":\"\",\"extrafilter2\":\"\",\"extrafilter3\":\"\",\"inventoryItems\":[],\"packages\":[],\"giftCard\":null,\"classification\":[],\"lastPhase\":\"\",\"_hasFilters\":false,\"totalPersons\":0,\"totalKids\":0,\"totalAdults\":0,\"childrenAges\":null,\"showGiftCardPopup\":false};\n            var arrivalOffset   = 1;\n            var nroOfRooms      = 1;\n            var nroOfNights     = 0;\n            var calendarNroOfAdults  = 1;\n            var calendarNroOfChildren  = 0;\n            var calendarNroOfNights  = 1;\n            var calendarStartDate = CalendarSetup.printDate(CalendarSetup.today());\n    <\/script>\n<\/div>\n\n        <\/div>\n    <\/div>\n    <script>\ndocument.addEventListener(\"DOMContentLoaded\", () => {\n  const form = document.getElementById(\"appForm\");\n  const hidden = document.getElementById(\"heArrayOfSearchMasksAsJSON\");\n  if (!form || !hidden) return;\n\n  const toISO = (d) => {\n    const m = \/^(\\d{2})\\.(\\d{2})\\.(\\d{4})$\/.exec(d);\n    return m ? `${m[3]}-${m[2]}-${m[1]}` : d;\n  };\n\n  form.addEventListener(\"submit\", () => {\n    try {\n      const arr = JSON.parse(hidden.value || \"[]\");\n      arr.forEach(o => {\n        if (o.arrivalDate) o.arrivalDate = toISO(o.arrivalDate);\n        if (o.departureDate) o.departureDate = toISO(o.departureDate);\n      });\n      hidden.value = JSON.stringify(arr);\n    } catch(e) {}\n  }, true);\n});\n<\/script>\n<script>\ndocument.addEventListener(\"DOMContentLoaded\", () => {\n  const form = document.getElementById(\"appForm\");\n  const hidden = document.getElementById(\"heArrayOfSearchMasksAsJSON\");\n  if (!form || !hidden) return;\n\n  const toISO = (d) => {\n    const m = \/^(\\d{2})\\.(\\d{2})\\.(\\d{4})$\/.exec(String(d || \"\").trim());\n    return m ? `${m[3]}-${m[2]}-${m[1]}` : d;\n  };\n\n  const normalize = () => {\n    try {\n      const arr = JSON.parse(hidden.value || \"[]\");\n      arr.forEach(o => {\n        \/\/ Datumformat (vanligaste orsaken till att bokningssidan faller tillbaka till default)\n        if (o.arrivalDate) o.arrivalDate = toISO(o.arrivalDate);\n        if (o.departureDate) o.departureDate = toISO(o.departureDate);\n\n        \/\/ S\u00e4kra att siffror faktiskt \u00e4r siffror (inte str\u00e4ngar)\n        if (o.rooms != null) o.rooms = Number(o.rooms) || 1;\n\n        \/\/ Om de ligger som \"2\" ist\u00e4llet f\u00f6r [2] s\u00e5 funkar b\u00e5da, men vi normaliserar lite\n        const adults = o.adultsPerRoom;\n        const kids = o.childrenPerRoom;\n\n        const adultsArr = Array.isArray(adults) ? adults.map(n => Number(n)||0)\n                       : adults != null ? [Number(adults)||0] : null;\n        const kidsArr   = Array.isArray(kids) ? kids.map(n => Number(n)||0)\n                       : kids != null ? [Number(kids)||0] : null;\n\n        if (adultsArr) o.adultsPerRoom = adultsArr;\n        if (kidsArr) o.childrenPerRoom = kidsArr;\n\n        \/\/ Totals (om bokningssidan f\u00f6rv\u00e4ntar sig dessa)\n        if (adultsArr) o.totalAdults = adultsArr.reduce((a,b)=>a+b,0);\n        if (kidsArr)   o.totalKids   = kidsArr.reduce((a,b)=>a+b,0);\n        if (o.totalAdults != null || o.totalKids != null) {\n          o.totalPersons = Number(o.totalAdults||0) + Number(o.totalKids||0);\n        }\n      });\n      hidden.value = JSON.stringify(arr);\n    } catch(e) {}\n  };\n\n  \/\/ 1) K\u00f6r p\u00e5 \u201criktig\u201d submit\n  form.addEventListener(\"submit\", normalize, true);\n\n  \/\/ 2) K\u00f6r p\u00e5 klick p\u00e5 deras div-knapp (viktigt i ditt fall)\n  const btn = form.querySelector(\".bindValidateSearchmask\");\n  if (btn) btn.addEventListener(\"click\", normalize, true);\n\n  \/\/ 3) Om deras JS k\u00f6r form.submit() (som annars hoppar \u00f6ver events) \u2013 f\u00e5nga det ocks\u00e5\n  const nativeSubmit = form.submit.bind(form);\n  form.submit = function() {\n    normalize();\n    return nativeSubmit();\n  };\n});\n<\/script>\n\n<\/form>\t\t\t\t<\/div>\n\t\t\t\t\t<\/div>\n\t\t\t\t<\/div>\n\t\t\t\t<\/div>\n\t\t","protected":false},"excerpt":{"rendered":"<p>BOOK A ROOM Location All Class1 Class2 Check-in Check-out Number of rooms and guests 0 roomrooms 0 adultadults 0 childchildren Rooms Room 1 Adults &#8211; 1 + Children &#8211; 0 + Child ages Booking code SEARCH I am booking with a gift card Rate filters applied:<\/p>\n","protected":false},"author":1,"featured_media":0,"parent":0,"menu_order":0,"comment_status":"closed","ping_status":"closed","template":"","meta":{"footnotes":""},"class_list":["post-1735","page","type-page","status-publish","hentry"],"yoast_head":"<!-- This site is optimized with the Yoast SEO plugin v27.2 - https:\/\/yoast.com\/product\/yoast-seo-wordpress\/ -->\n<title>Book a room at the hotel in the heart of Ljungby<\/title>\n<meta name=\"description\" content=\"Book your room at Hotel Terraza | the hotel in the heart of Ljungby. Choose dates, see prices, and confirm quickly online. Welcome to book!\" \/>\n<meta name=\"robots\" content=\"index, follow, max-snippet:-1, max-image-preview:large, max-video-preview:-1\" \/>\n<link rel=\"canonical\" href=\"https:\/\/terraza.com\/en\/book-a-room\/\" \/>\n<meta property=\"og:locale\" content=\"en_US\" \/>\n<meta property=\"og:type\" content=\"article\" \/>\n<meta property=\"og:title\" content=\"Book a room at the hotel in the heart of Ljungby\" \/>\n<meta property=\"og:description\" content=\"Book your room at Hotel Terraza | the hotel in the heart of Ljungby. Choose dates, see prices, and confirm quickly online. Welcome to book!\" \/>\n<meta property=\"og:url\" content=\"https:\/\/terraza.com\/en\/book-a-room\/\" \/>\n<meta property=\"og:site_name\" content=\"Terraza\" \/>\n<meta property=\"article:modified_time\" content=\"2026-01-20T14:06:29+00:00\" \/>\n<meta name=\"twitter:card\" content=\"summary_large_image\" \/>\n<script type=\"application\/ld+json\" class=\"yoast-schema-graph\">{\"@context\":\"https:\/\/schema.org\",\"@graph\":[{\"@type\":\"WebPage\",\"@id\":\"https:\/\/terraza.com\/en\/book-a-room\/\",\"url\":\"https:\/\/terraza.com\/en\/book-a-room\/\",\"name\":\"Book a room at the hotel in the heart of Ljungby\",\"isPartOf\":{\"@id\":\"https:\/\/terraza.com\/en\/#website\"},\"datePublished\":\"2025-09-25T12:19:52+00:00\",\"dateModified\":\"2026-01-20T14:06:29+00:00\",\"description\":\"Book your room at Hotel Terraza | the hotel in the heart of Ljungby. Choose dates, see prices, and confirm quickly online. Welcome to book!\",\"breadcrumb\":{\"@id\":\"https:\/\/terraza.com\/en\/book-a-room\/#breadcrumb\"},\"inLanguage\":\"en-US\",\"potentialAction\":[{\"@type\":\"ReadAction\",\"target\":[\"https:\/\/terraza.com\/en\/book-a-room\/\"]}]},{\"@type\":\"BreadcrumbList\",\"@id\":\"https:\/\/terraza.com\/en\/book-a-room\/#breadcrumb\",\"itemListElement\":[{\"@type\":\"ListItem\",\"position\":1,\"name\":\"Hem\",\"item\":\"https:\/\/terraza.com\/en\/\"},{\"@type\":\"ListItem\",\"position\":2,\"name\":\"Book a room\"}]},{\"@type\":\"WebSite\",\"@id\":\"https:\/\/terraza.com\/en\/#website\",\"url\":\"https:\/\/terraza.com\/en\/\",\"name\":\"Terraza\",\"description\":\"Hotellet i Ljungbys hj\u00e4rta\",\"publisher\":{\"@id\":\"https:\/\/terraza.com\/en\/#organization\"},\"potentialAction\":[{\"@type\":\"SearchAction\",\"target\":{\"@type\":\"EntryPoint\",\"urlTemplate\":\"https:\/\/terraza.com\/en\/?s={search_term_string}\"},\"query-input\":{\"@type\":\"PropertyValueSpecification\",\"valueRequired\":true,\"valueName\":\"search_term_string\"}}],\"inLanguage\":\"en-US\"},{\"@type\":\"Organization\",\"@id\":\"https:\/\/terraza.com\/en\/#organization\",\"name\":\"Terraza\",\"url\":\"https:\/\/terraza.com\/en\/\",\"logo\":{\"@type\":\"ImageObject\",\"inLanguage\":\"en-US\",\"@id\":\"https:\/\/terraza.com\/en\/#\/schema\/logo\/image\/\",\"url\":\"https:\/\/terraza.com\/wp-content\/uploads\/2025\/09\/Terraza-logo-1.png\",\"contentUrl\":\"https:\/\/terraza.com\/wp-content\/uploads\/2025\/09\/Terraza-logo-1.png\",\"width\":1043,\"height\":237,\"caption\":\"Terraza\"},\"image\":{\"@id\":\"https:\/\/terraza.com\/en\/#\/schema\/logo\/image\/\"}}]}<\/script>\n<!-- \/ Yoast SEO plugin. -->","yoast_head_json":{"title":"Book a room at the hotel in the heart of Ljungby","description":"Book your room at Hotel Terraza | the hotel in the heart of Ljungby. Choose dates, see prices, and confirm quickly online. Welcome to book!","robots":{"index":"index","follow":"follow","max-snippet":"max-snippet:-1","max-image-preview":"max-image-preview:large","max-video-preview":"max-video-preview:-1"},"canonical":"https:\/\/terraza.com\/en\/book-a-room\/","og_locale":"en_US","og_type":"article","og_title":"Book a room at the hotel in the heart of Ljungby","og_description":"Book your room at Hotel Terraza | the hotel in the heart of Ljungby. Choose dates, see prices, and confirm quickly online. Welcome to book!","og_url":"https:\/\/terraza.com\/en\/book-a-room\/","og_site_name":"Terraza","article_modified_time":"2026-01-20T14:06:29+00:00","twitter_card":"summary_large_image","schema":{"@context":"https:\/\/schema.org","@graph":[{"@type":"WebPage","@id":"https:\/\/terraza.com\/en\/book-a-room\/","url":"https:\/\/terraza.com\/en\/book-a-room\/","name":"Book a room at the hotel in the heart of Ljungby","isPartOf":{"@id":"https:\/\/terraza.com\/en\/#website"},"datePublished":"2025-09-25T12:19:52+00:00","dateModified":"2026-01-20T14:06:29+00:00","description":"Book your room at Hotel Terraza | the hotel in the heart of Ljungby. Choose dates, see prices, and confirm quickly online. Welcome to book!","breadcrumb":{"@id":"https:\/\/terraza.com\/en\/book-a-room\/#breadcrumb"},"inLanguage":"en-US","potentialAction":[{"@type":"ReadAction","target":["https:\/\/terraza.com\/en\/book-a-room\/"]}]},{"@type":"BreadcrumbList","@id":"https:\/\/terraza.com\/en\/book-a-room\/#breadcrumb","itemListElement":[{"@type":"ListItem","position":1,"name":"Hem","item":"https:\/\/terraza.com\/en\/"},{"@type":"ListItem","position":2,"name":"Book a room"}]},{"@type":"WebSite","@id":"https:\/\/terraza.com\/en\/#website","url":"https:\/\/terraza.com\/en\/","name":"Terraza","description":"Hotellet i Ljungbys hj\u00e4rta","publisher":{"@id":"https:\/\/terraza.com\/en\/#organization"},"potentialAction":[{"@type":"SearchAction","target":{"@type":"EntryPoint","urlTemplate":"https:\/\/terraza.com\/en\/?s={search_term_string}"},"query-input":{"@type":"PropertyValueSpecification","valueRequired":true,"valueName":"search_term_string"}}],"inLanguage":"en-US"},{"@type":"Organization","@id":"https:\/\/terraza.com\/en\/#organization","name":"Terraza","url":"https:\/\/terraza.com\/en\/","logo":{"@type":"ImageObject","inLanguage":"en-US","@id":"https:\/\/terraza.com\/en\/#\/schema\/logo\/image\/","url":"https:\/\/terraza.com\/wp-content\/uploads\/2025\/09\/Terraza-logo-1.png","contentUrl":"https:\/\/terraza.com\/wp-content\/uploads\/2025\/09\/Terraza-logo-1.png","width":1043,"height":237,"caption":"Terraza"},"image":{"@id":"https:\/\/terraza.com\/en\/#\/schema\/logo\/image\/"}}]}},"_links":{"self":[{"href":"https:\/\/terraza.com\/en\/wp-json\/wp\/v2\/pages\/1735","targetHints":{"allow":["GET"]}}],"collection":[{"href":"https:\/\/terraza.com\/en\/wp-json\/wp\/v2\/pages"}],"about":[{"href":"https:\/\/terraza.com\/en\/wp-json\/wp\/v2\/types\/page"}],"author":[{"embeddable":true,"href":"https:\/\/terraza.com\/en\/wp-json\/wp\/v2\/users\/1"}],"replies":[{"embeddable":true,"href":"https:\/\/terraza.com\/en\/wp-json\/wp\/v2\/comments?post=1735"}],"version-history":[{"count":2,"href":"https:\/\/terraza.com\/en\/wp-json\/wp\/v2\/pages\/1735\/revisions"}],"predecessor-version":[{"id":1792,"href":"https:\/\/terraza.com\/en\/wp-json\/wp\/v2\/pages\/1735\/revisions\/1792"}],"wp:attachment":[{"href":"https:\/\/terraza.com\/en\/wp-json\/wp\/v2\/media?parent=1735"}],"curies":[{"name":"wp","href":"https:\/\/api.w.org\/{rel}","templated":true}]}}